{"id":605,"date":"2023-06-24T11:01:27","date_gmt":"2023-06-24T09:01:27","guid":{"rendered":"https:\/\/clever-einstein.217-160-50-68.plesk.page\/?page_id=605"},"modified":"2023-06-28T11:34:35","modified_gmt":"2023-06-28T09:34:35","slug":"wedding-matrimonio-fiorista","status":"publish","type":"page","link":"https:\/\/petalidialice.it\/index.php\/wedding-matrimonio-fiorista\/","title":{"rendered":"Wedding"},"content":{"rendered":"\t\t<div data-elementor-type=\"wp-page\" data-elementor-id=\"605\" class=\"elementor elementor-605\">\n\t\t\t\t\t\t\t<div class=\"elementor-element elementor-element-1069e8a e-con-full e-flex e-con\" data-id=\"1069e8a\" data-element_type=\"container\" data-settings=\"{&quot;content_width&quot;:&quot;full&quot;,&quot;background_background&quot;:&quot;classic&quot;}\">\n\t\t<div class=\"elementor-element elementor-element-103547a e-con-full e-flex e-con\" data-id=\"103547a\" data-element_type=\"container\" data-settings=\"{&quot;content_width&quot;:&quot;full&quot;}\">\n\t\t\t\t<div class=\"elementor-element elementor-element-a251d34 elementor-widget elementor-widget-image\" data-id=\"a251d34\" data-element_type=\"widget\" data-widget_type=\"image.default\">\n\t\t\t\t<div class=\"elementor-widget-container\">\n\t\t\t<style>\/*! elementor - v3.14.0 - 26-06-2023 *\/\n.elementor-widget-image{text-align:center}.elementor-widget-image a{display:inline-block}.elementor-widget-image a img[src$=\".svg\"]{width:48px}.elementor-widget-image img{vertical-align:middle;display:inline-block}<\/style>\t\t\t\t\t\t\t\t\t\t\t\t<img decoding=\"async\" width=\"819\" height=\"1024\" src=\"https:\/\/petalidialice.it\/wp-content\/uploads\/2023\/06\/Wedding-by-Petali-di-Alice-819x1024.jpeg\" class=\"attachment-large size-large wp-image-616\" alt=\"bouquet sposa primaverile anemoni\" srcset=\"https:\/\/petalidialice.it\/wp-content\/uploads\/2023\/06\/Wedding-by-Petali-di-Alice-819x1024.jpeg 819w, https:\/\/petalidialice.it\/wp-content\/uploads\/2023\/06\/Wedding-by-Petali-di-Alice-240x300.jpeg 240w, https:\/\/petalidialice.it\/wp-content\/uploads\/2023\/06\/Wedding-by-Petali-di-Alice-768x960.jpeg 768w, https:\/\/petalidialice.it\/wp-content\/uploads\/2023\/06\/Wedding-by-Petali-di-Alice.jpeg 1080w\" sizes=\"(max-width: 819px) 100vw, 819px\" \/>\t\t\t\t\t\t\t\t\t\t\t\t\t\t\t<\/div>\n\t\t\t\t<\/div>\n\t\t\t\t<\/div>\n\t\t<div class=\"elementor-element elementor-element-0f422b7 e-con-full e-flex e-con\" data-id=\"0f422b7\" data-element_type=\"container\" data-settings=\"{&quot;content_width&quot;:&quot;full&quot;}\">\n\t\t\t\t<div class=\"elementor-element elementor-element-bd5b9c2 elementor-widget elementor-widget-spacer\" data-id=\"bd5b9c2\" data-element_type=\"widget\" data-widget_type=\"spacer.default\">\n\t\t\t\t<div class=\"elementor-widget-container\">\n\t\t\t<style>\/*! elementor - v3.14.0 - 26-06-2023 *\/\n.elementor-column .elementor-spacer-inner{height:var(--spacer-size)}.e-con{--container-widget-width:100%}.e-con-inner>.elementor-widget-spacer,.e-con>.elementor-widget-spacer{width:var(--container-widget-width,var(--spacer-size));--align-self:var(--container-widget-align-self,initial);--flex-shrink:0}.e-con-inner>.elementor-widget-spacer>.elementor-widget-container,.e-con-inner>.elementor-widget-spacer>.elementor-widget-container>.elementor-spacer,.e-con>.elementor-widget-spacer>.elementor-widget-container,.e-con>.elementor-widget-spacer>.elementor-widget-container>.elementor-spacer{height:100%}.e-con-inner>.elementor-widget-spacer>.elementor-widget-container>.elementor-spacer>.elementor-spacer-inner,.e-con>.elementor-widget-spacer>.elementor-widget-container>.elementor-spacer>.elementor-spacer-inner{height:var(--container-widget-height,var(--spacer-size))}<\/style>\t\t<div class=\"elementor-spacer\">\n\t\t\t<div class=\"elementor-spacer-inner\"><\/div>\n\t\t<\/div>\n\t\t\t\t<\/div>\n\t\t\t\t<\/div>\n\t\t\t\t<div class=\"elementor-element elementor-element-520c92a elementor-widget elementor-widget-heading\" data-id=\"520c92a\" data-element_type=\"widget\" data-widget_type=\"heading.default\">\n\t\t\t\t<div class=\"elementor-widget-container\">\n\t\t\t<style>\/*! elementor - v3.14.0 - 26-06-2023 *\/\n.elementor-heading-title{padding:0;margin:0;line-height:1}.elementor-widget-heading .elementor-heading-title[class*=elementor-size-]>a{color:inherit;font-size:inherit;line-height:inherit}.elementor-widget-heading .elementor-heading-title.elementor-size-small{font-size:15px}.elementor-widget-heading .elementor-heading-title.elementor-size-medium{font-size:19px}.elementor-widget-heading .elementor-heading-title.elementor-size-large{font-size:29px}.elementor-widget-heading .elementor-heading-title.elementor-size-xl{font-size:39px}.elementor-widget-heading .elementor-heading-title.elementor-size-xxl{font-size:59px}<\/style><h1 class=\"elementor-heading-title elementor-size-default\">Wedding<\/h1>\t\t<\/div>\n\t\t\t\t<\/div>\n\t\t\t\t<div class=\"elementor-element elementor-element-a4ba4b3 elementor-widget elementor-widget-text-editor\" data-id=\"a4ba4b3\" data-element_type=\"widget\" data-widget_type=\"text-editor.default\">\n\t\t\t\t<div class=\"elementor-widget-container\">\n\t\t\t<style>\/*! elementor - v3.14.0 - 26-06-2023 *\/\n.elementor-widget-text-editor.elementor-drop-cap-view-stacked .elementor-drop-cap{background-color:#69727d;color:#fff}.elementor-widget-text-editor.elementor-drop-cap-view-framed .elementor-drop-cap{color:#69727d;border:3px solid;background-color:transparent}.elementor-widget-text-editor:not(.elementor-drop-cap-view-default) .elementor-drop-cap{margin-top:8px}.elementor-widget-text-editor:not(.elementor-drop-cap-view-default) .elementor-drop-cap-letter{width:1em;height:1em}.elementor-widget-text-editor .elementor-drop-cap{float:left;text-align:center;line-height:1;font-size:50px}.elementor-widget-text-editor .elementor-drop-cap-letter{display:inline-block}<\/style>\t\t\t\t<p class=\"p1\">Se siete arrivati fino a qui, \u00e8 arrivato il momento di parlare di qualcosa di meraviglioso e importante, che porterete sempre con voi, il\u00a0<b><i>S\u00cc<\/i><\/b>\u00a0pi\u00f9 bello di sempre.<\/p><p class=\"p1\">Spesso gli Sposi mi contattano e sono ansiosi di sapere innanzitutto quali sono i passi da fare per arrivare al grande giorno:<\/p>\t\t\t\t\t\t<\/div>\n\t\t\t\t<\/div>\n\t\t\t\t<\/div>\n\t\t<div class=\"elementor-element elementor-element-7b74de9 e-con-full elementor-hidden-mobile e-flex e-con\" data-id=\"7b74de9\" data-element_type=\"container\" data-settings=\"{&quot;content_width&quot;:&quot;full&quot;}\">\n\t\t\t\t<div class=\"elementor-element elementor-element-8785ae6 elementor-widget elementor-widget-image\" data-id=\"8785ae6\" data-element_type=\"widget\" data-widget_type=\"image.default\">\n\t\t\t\t<div class=\"elementor-widget-container\">\n\t\t\t\t\t\t\t\t\t\t\t\t\t\t\t<img decoding=\"async\" width=\"819\" height=\"1024\" src=\"https:\/\/petalidialice.it\/wp-content\/uploads\/2023\/06\/Tableau-de-Mariage-by-Petali-di-Alice-819x1024.jpeg\" class=\"attachment-large size-large wp-image-570\" alt=\"tableau mariage bianco\" srcset=\"https:\/\/petalidialice.it\/wp-content\/uploads\/2023\/06\/Tableau-de-Mariage-by-Petali-di-Alice-819x1024.jpeg 819w, https:\/\/petalidialice.it\/wp-content\/uploads\/2023\/06\/Tableau-de-Mariage-by-Petali-di-Alice-240x300.jpeg 240w, https:\/\/petalidialice.it\/wp-content\/uploads\/2023\/06\/Tableau-de-Mariage-by-Petali-di-Alice-768x960.jpeg 768w, https:\/\/petalidialice.it\/wp-content\/uploads\/2023\/06\/Tableau-de-Mariage-by-Petali-di-Alice.jpeg 1080w\" sizes=\"(max-width: 819px) 100vw, 819px\" \/>\t\t\t\t\t\t\t\t\t\t\t\t\t\t\t<\/div>\n\t\t\t\t<\/div>\n\t\t\t\t<\/div>\n\t\t\t\t<\/div>\n\t\t<div class=\"elementor-element elementor-element-ecd3f76 e-con-full e-flex e-con\" data-id=\"ecd3f76\" data-element_type=\"container\" data-settings=\"{&quot;content_width&quot;:&quot;full&quot;,&quot;background_background&quot;:&quot;classic&quot;}\">\n\t\t<div class=\"elementor-element elementor-element-6795e85 e-con-full e-flex e-con\" data-id=\"6795e85\" data-element_type=\"container\" data-settings=\"{&quot;content_width&quot;:&quot;full&quot;,&quot;background_background&quot;:&quot;classic&quot;}\">\n\t\t\t\t<div class=\"elementor-element elementor-element-1d55190 elementor-widget elementor-widget-heading\" data-id=\"1d55190\" data-element_type=\"widget\" data-widget_type=\"heading.default\">\n\t\t\t\t<div class=\"elementor-widget-container\">\n\t\t\t<h1 class=\"elementor-heading-title elementor-size-default\">INCONTRIAMOCI<\/h1>\t\t<\/div>\n\t\t\t\t<\/div>\n\t\t\t\t<div class=\"elementor-element elementor-element-51a426f elementor-widget elementor-widget-text-editor\" data-id=\"51a426f\" data-element_type=\"widget\" data-widget_type=\"text-editor.default\">\n\t\t\t\t<div class=\"elementor-widget-container\">\n\t\t\t\t\t\t\t<p><b><\/b><span class=\"s1\">Il primo incontro \u00e8 sempre meraviglioso, ci si conosce, si racconta di voi e un pochino anche di me. La vostra storia, i vostri ricordi, le vostre emozioni sono ci\u00f2 su cui ci focalizzeremo in questo primo appuntamento.\u00a0<\/span><\/p><p><span class=\"s1\">Una volta raccolti tutti questi dettagli, ci focalizzeremo su temi come <b>fiori<\/b>, stagioni, palette colori, location ecc.<\/span><\/p><p><span class=\"s1\">Che abbiate gi\u00e0 un tema da seguire o che siate completamente senza <strong>idee per un matrimonio<\/strong>, questo incontro ci permetter\u00e0 di mettere sulla carta quello che diventer\u00e0 il vostro progetto, unico e costruito su misura per voi.<\/span><\/p>\t\t\t\t\t\t<\/div>\n\t\t\t\t<\/div>\n\t\t\t\t<\/div>\n\t\t<div class=\"elementor-element elementor-element-e693b72 e-con-full e-flex e-con\" data-id=\"e693b72\" data-element_type=\"container\" data-settings=\"{&quot;content_width&quot;:&quot;full&quot;,&quot;background_background&quot;:&quot;classic&quot;}\">\n\t\t\t\t<div class=\"elementor-element elementor-element-1190c54 elementor-widget elementor-widget-heading\" data-id=\"1190c54\" data-element_type=\"widget\" data-widget_type=\"heading.default\">\n\t\t\t\t<div class=\"elementor-widget-container\">\n\t\t\t<h1 class=\"elementor-heading-title elementor-size-default\">PROGETTI E ATTESE<\/h1>\t\t<\/div>\n\t\t\t\t<\/div>\n\t\t\t\t<div class=\"elementor-element elementor-element-5104496 elementor-widget elementor-widget-text-editor\" data-id=\"5104496\" data-element_type=\"widget\" data-widget_type=\"text-editor.default\">\n\t\t\t\t<div class=\"elementor-widget-container\">\n\t\t\t\t\t\t\t<p><b><\/b><span class=\"s1\">Esperienza e professionalit\u00e0 mi fanno dire con certezza che esiste un\u00a0<b>progetto floreale su misura\u00a0<\/b>per qualsiasi coppia di sposi, anche per quelli che partono per questo viaggio senza idee. <\/span><\/p><p><span class=\"s1\">Essere una\u00a0<b>Floral Design<\/b>\u00a0vuol dire anche saper guidare e consigliare verso le scelte giuste.<br \/>Dopo il nostro primo incontro riceverete un bozzetto e un preventivo che racchiude tutto ci\u00f2 che \u00e8 stato deciso durante il nostro primo incontro.<br \/>Non ci resta che attendere il fatidico giorno.<br \/><\/span><\/p>\t\t\t\t\t\t<\/div>\n\t\t\t\t<\/div>\n\t\t\t\t<\/div>\n\t\t<div class=\"elementor-element elementor-element-ca47939 e-con-full e-flex e-con\" data-id=\"ca47939\" data-element_type=\"container\" data-settings=\"{&quot;content_width&quot;:&quot;full&quot;,&quot;background_background&quot;:&quot;classic&quot;}\">\n\t\t\t\t<div class=\"elementor-element elementor-element-1c95e05 elementor-widget elementor-widget-heading\" data-id=\"1c95e05\" data-element_type=\"widget\" data-widget_type=\"heading.default\">\n\t\t\t\t<div class=\"elementor-widget-container\">\n\t\t\t<h1 class=\"elementor-heading-title elementor-size-default\">HA DETTO S\u00cc<\/h1>\t\t<\/div>\n\t\t\t\t<\/div>\n\t\t\t\t<div class=\"elementor-element elementor-element-7db6886 elementor-widget elementor-widget-text-editor\" data-id=\"7db6886\" data-element_type=\"widget\" data-widget_type=\"text-editor.default\">\n\t\t\t\t<div class=\"elementor-widget-container\">\n\t\t\t\t\t\t\t<p><b><\/b><span class=\"s1\">Nel mio <strong>laboratorio floreale<\/strong>, insieme a tutto il mio staff, realizzer\u00f2 <b>composizioni floreali\u00a0<\/b>di grande fascino ed eleganza, che si adatteranno perfettamente all\u2019ambiente della location. <\/span><\/p><p><span class=\"s1\">Ogni piccolo particolare, dal <strong>bouquet<\/strong>, alle <strong>composizioni floreali per ristorante<\/strong>, verranno consegnate personalmente dallo staff di <strong>Petali di Alice.<\/strong><\/span><\/p>\t\t\t\t\t\t<\/div>\n\t\t\t\t<\/div>\n\t\t\t\t<\/div>\n\t\t\t\t<\/div>\n\t\t<div class=\"elementor-element elementor-element-1a6b683 e-con-full e-flex e-con\" data-id=\"1a6b683\" data-element_type=\"container\" data-settings=\"{&quot;content_width&quot;:&quot;full&quot;,&quot;background_background&quot;:&quot;classic&quot;}\">\n\t\t<div class=\"elementor-element elementor-element-37cbded e-con-full e-flex e-con\" data-id=\"37cbded\" data-element_type=\"container\" data-settings=\"{&quot;content_width&quot;:&quot;full&quot;}\">\n\t\t\t\t<div class=\"elementor-element elementor-element-40fd728 elementor-widget elementor-widget-text-editor\" data-id=\"40fd728\" data-element_type=\"widget\" data-widget_type=\"text-editor.default\">\n\t\t\t\t<div class=\"elementor-widget-container\">\n\t\t\t\t\t\t\t<p class=\"p1\">Ecco qui un elenco di\u00a0<b>servizi floreali\u00a0<\/b>che renderanno ancora pi\u00f9 bello il vostro matrimonio:<\/p>\t\t\t\t\t\t<\/div>\n\t\t\t\t<\/div>\n\t\t\t\t<div class=\"elementor-element elementor-element-9533362 elementor-widget elementor-widget-text-editor\" data-id=\"9533362\" data-element_type=\"widget\" data-widget_type=\"text-editor.default\">\n\t\t\t\t<div class=\"elementor-widget-container\">\n\t\t\t\t\t\t\t<p class=\"p1\">+<b>\u00a0Bouquet da sposa<\/b><br \/>+\u00a0<b>Addobbi floreali per la cerimonia<\/b><br \/>+\u00a0<b>Addobbi floreali per il ricevimento<\/b><br \/>+\u00a0<b>Bomboniere di nozze<\/b><br \/>+\u00a0<b>Allestimenti floreali per auto<br \/><\/b>+<b>\u00a0Spille floreali<br \/><\/b>+\u00a0<b>Decorazioni floreali per acconciatura<\/b><br \/>+\u00a0<b>Cuscino fedi con fiori<br \/><\/b>+\u00a0<b>Tableau mariage<br \/><\/b>+\u00a0<b>Confettata<br \/><\/b>+\u00a0<b>Decorazione floreale per torta nuziale<br \/><\/b>+\u00a0<b>Segnaposto Wedding<br \/><\/b>+\u00a0<b>Partecipazioni Matrimonio<br \/><\/b>+\u00a0<b>Coni per lancio del riso\u00a0<\/b><\/p>\t\t\t\t\t\t<\/div>\n\t\t\t\t<\/div>\n\t\t\t\t<div class=\"elementor-element elementor-element-7677f1c elementor-widget elementor-widget-spacer\" data-id=\"7677f1c\" data-element_type=\"widget\" data-widget_type=\"spacer.default\">\n\t\t\t\t<div class=\"elementor-widget-container\">\n\t\t\t\t\t<div class=\"elementor-spacer\">\n\t\t\t<div class=\"elementor-spacer-inner\"><\/div>\n\t\t<\/div>\n\t\t\t\t<\/div>\n\t\t\t\t<\/div>\n\t\t\t\t<div class=\"elementor-element elementor-element-055c79b elementor-widget elementor-widget-button\" data-id=\"055c79b\" data-element_type=\"widget\" data-widget_type=\"button.default\">\n\t\t\t\t<div class=\"elementor-widget-container\">\n\t\t\t\t\t<div class=\"elementor-button-wrapper\">\n\t\t\t<a class=\"elementor-button elementor-button-link elementor-size-sm\" href=\"https:\/\/petalidialice.it\/index.php\/contatti\/\">\n\t\t\t\t\t\t<span class=\"elementor-button-content-wrapper\">\n\t\t\t\t\t\t<span class=\"elementor-button-text\">CONTATTAMI<\/span>\n\t\t<\/span>\n\t\t\t\t\t<\/a>\n\t\t<\/div>\n\t\t\t\t<\/div>\n\t\t\t\t<\/div>\n\t\t\t\t<\/div>\n\t\t\t\t<\/div>\n\t\t\t\t\t\t\t<\/div>\n\t\t","protected":false},"excerpt":{"rendered":"<p>Wedding Se siete arrivati fino a qui, \u00e8 arrivato il momento di parlare di qualcosa di meraviglioso e importante, che porterete sempre con voi, il&nbsp;S\u00cc&nbsp;pi\u00f9 bello di sempre. Spesso gli Sposi mi contattano e sono ansiosi di sapere innanzitutto quali sono i passi da fare per arrivare al grande giorno: INCONTRIAMOCI Il primo incontro \u00e8 [&hellip;]<\/p>\n","protected":false},"author":1,"featured_media":0,"parent":0,"menu_order":0,"comment_status":"closed","ping_status":"closed","template":"elementor_header_footer","meta":{"footnotes":""},"class_list":["post-605","page","type-page","status-publish","hentry"],"acf":[],"yoast_head":"<!-- This site is optimized with the Yoast SEO plugin v21.0 - https:\/\/yoast.com\/wordpress\/plugins\/seo\/ -->\n<title>Wedding - Petali di Alice<\/title>\n<meta name=\"description\" content=\"Il matrimonio \u00e8 emozione, una festa dove il cuore si riempie. Lasciate che crei per voi la cornice perfetta di questo indimenticabile giorno.\" \/>\n<meta name=\"robots\" content=\"index, follow, max-snippet:-1, max-image-preview:large, max-video-preview:-1\" \/>\n<link rel=\"canonical\" href=\"https:\/\/petalidialice.it\/index.php\/wedding-matrimonio-fiorista\/\" \/>\n<meta property=\"og:locale\" content=\"it_IT\" \/>\n<meta property=\"og:type\" content=\"article\" \/>\n<meta property=\"og:title\" content=\"Wedding - Petali di Alice\" \/>\n<meta property=\"og:description\" content=\"Il matrimonio \u00e8 emozione, una festa dove il cuore si riempie. Lasciate che crei per voi la cornice perfetta di questo indimenticabile giorno.\" \/>\n<meta property=\"og:url\" content=\"https:\/\/petalidialice.it\/index.php\/wedding-matrimonio-fiorista\/\" \/>\n<meta property=\"og:site_name\" content=\"Petali di Alice\" \/>\n<meta property=\"article:modified_time\" content=\"2023-06-28T09:34:35+00:00\" \/>\n<meta property=\"og:image\" content=\"https:\/\/petalidialice.it\/wp-content\/uploads\/2023\/06\/Wedding-by-Petali-di-Alice-819x1024.jpeg\" \/>\n<meta name=\"twitter:card\" content=\"summary_large_image\" \/>\n<meta name=\"twitter:label1\" content=\"Tempo di lettura stimato\" \/>\n\t<meta name=\"twitter:data1\" content=\"3 minuti\" \/>\n<script type=\"application\/ld+json\" class=\"yoast-schema-graph\">{\"@context\":\"https:\/\/schema.org\",\"@graph\":[{\"@type\":\"WebPage\",\"@id\":\"https:\/\/petalidialice.it\/index.php\/wedding-matrimonio-fiorista\/\",\"url\":\"https:\/\/petalidialice.it\/index.php\/wedding-matrimonio-fiorista\/\",\"name\":\"Wedding - Petali di Alice\",\"isPartOf\":{\"@id\":\"https:\/\/petalidialice.it\/#website\"},\"datePublished\":\"2023-06-24T09:01:27+00:00\",\"dateModified\":\"2023-06-28T09:34:35+00:00\",\"description\":\"Il matrimonio \u00e8 emozione, una festa dove il cuore si riempie. Lasciate che crei per voi la cornice perfetta di questo indimenticabile giorno.\",\"breadcrumb\":{\"@id\":\"https:\/\/petalidialice.it\/index.php\/wedding-matrimonio-fiorista\/#breadcrumb\"},\"inLanguage\":\"it-IT\",\"potentialAction\":[{\"@type\":\"ReadAction\",\"target\":[\"https:\/\/petalidialice.it\/index.php\/wedding-matrimonio-fiorista\/\"]}]},{\"@type\":\"BreadcrumbList\",\"@id\":\"https:\/\/petalidialice.it\/index.php\/wedding-matrimonio-fiorista\/#breadcrumb\",\"itemListElement\":[{\"@type\":\"ListItem\",\"position\":1,\"name\":\"Home\",\"item\":\"https:\/\/petalidialice.it\/\"},{\"@type\":\"ListItem\",\"position\":2,\"name\":\"Wedding\"}]},{\"@type\":\"WebSite\",\"@id\":\"https:\/\/petalidialice.it\/#website\",\"url\":\"https:\/\/petalidialice.it\/\",\"name\":\"Petali di Alice\",\"description\":\"Wedding Florist in Italy\",\"potentialAction\":[{\"@type\":\"SearchAction\",\"target\":{\"@type\":\"EntryPoint\",\"urlTemplate\":\"https:\/\/petalidialice.it\/?s={search_term_string}\"},\"query-input\":\"required name=search_term_string\"}],\"inLanguage\":\"it-IT\"}]}<\/script>\n<!-- \/ Yoast SEO plugin. -->","yoast_head_json":{"title":"Wedding - Petali di Alice","description":"Il matrimonio \u00e8 emozione, una festa dove il cuore si riempie. Lasciate che crei per voi la cornice perfetta di questo indimenticabile giorno.","robots":{"index":"index","follow":"follow","max-snippet":"max-snippet:-1","max-image-preview":"max-image-preview:large","max-video-preview":"max-video-preview:-1"},"canonical":"https:\/\/petalidialice.it\/index.php\/wedding-matrimonio-fiorista\/","og_locale":"it_IT","og_type":"article","og_title":"Wedding - Petali di Alice","og_description":"Il matrimonio \u00e8 emozione, una festa dove il cuore si riempie. Lasciate che crei per voi la cornice perfetta di questo indimenticabile giorno.","og_url":"https:\/\/petalidialice.it\/index.php\/wedding-matrimonio-fiorista\/","og_site_name":"Petali di Alice","article_modified_time":"2023-06-28T09:34:35+00:00","og_image":[{"url":"https:\/\/petalidialice.it\/wp-content\/uploads\/2023\/06\/Wedding-by-Petali-di-Alice-819x1024.jpeg"}],"twitter_card":"summary_large_image","twitter_misc":{"Tempo di lettura stimato":"3 minuti"},"schema":{"@context":"https:\/\/schema.org","@graph":[{"@type":"WebPage","@id":"https:\/\/petalidialice.it\/index.php\/wedding-matrimonio-fiorista\/","url":"https:\/\/petalidialice.it\/index.php\/wedding-matrimonio-fiorista\/","name":"Wedding - Petali di Alice","isPartOf":{"@id":"https:\/\/petalidialice.it\/#website"},"datePublished":"2023-06-24T09:01:27+00:00","dateModified":"2023-06-28T09:34:35+00:00","description":"Il matrimonio \u00e8 emozione, una festa dove il cuore si riempie. Lasciate che crei per voi la cornice perfetta di questo indimenticabile giorno.","breadcrumb":{"@id":"https:\/\/petalidialice.it\/index.php\/wedding-matrimonio-fiorista\/#breadcrumb"},"inLanguage":"it-IT","potentialAction":[{"@type":"ReadAction","target":["https:\/\/petalidialice.it\/index.php\/wedding-matrimonio-fiorista\/"]}]},{"@type":"BreadcrumbList","@id":"https:\/\/petalidialice.it\/index.php\/wedding-matrimonio-fiorista\/#breadcrumb","itemListElement":[{"@type":"ListItem","position":1,"name":"Home","item":"https:\/\/petalidialice.it\/"},{"@type":"ListItem","position":2,"name":"Wedding"}]},{"@type":"WebSite","@id":"https:\/\/petalidialice.it\/#website","url":"https:\/\/petalidialice.it\/","name":"Petali di Alice","description":"Wedding Florist in Italy","potentialAction":[{"@type":"SearchAction","target":{"@type":"EntryPoint","urlTemplate":"https:\/\/petalidialice.it\/?s={search_term_string}"},"query-input":"required name=search_term_string"}],"inLanguage":"it-IT"}]}},"_links":{"self":[{"href":"https:\/\/petalidialice.it\/index.php\/wp-json\/wp\/v2\/pages\/605","targetHints":{"allow":["GET"]}}],"collection":[{"href":"https:\/\/petalidialice.it\/index.php\/wp-json\/wp\/v2\/pages"}],"about":[{"href":"https:\/\/petalidialice.it\/index.php\/wp-json\/wp\/v2\/types\/page"}],"author":[{"embeddable":true,"href":"https:\/\/petalidialice.it\/index.php\/wp-json\/wp\/v2\/users\/1"}],"replies":[{"embeddable":true,"href":"https:\/\/petalidialice.it\/index.php\/wp-json\/wp\/v2\/comments?post=605"}],"version-history":[{"count":24,"href":"https:\/\/petalidialice.it\/index.php\/wp-json\/wp\/v2\/pages\/605\/revisions"}],"predecessor-version":[{"id":776,"href":"https:\/\/petalidialice.it\/index.php\/wp-json\/wp\/v2\/pages\/605\/revisions\/776"}],"wp:attachment":[{"href":"https:\/\/petalidialice.it\/index.php\/wp-json\/wp\/v2\/media?parent=605"}],"curies":[{"name":"wp","href":"https:\/\/api.w.org\/{rel}","templated":true}]}}